{"id":2,"date":"2025-05-06T13:42:48","date_gmt":"2025-05-06T13:42:48","guid":{"rendered":"https:\/\/pinturaydecoracionhhp.rkinformatika.online\/?page_id=2"},"modified":"2025-05-09T08:19:42","modified_gmt":"2025-05-09T08:19:42","slug":"inicio","status":"publish","type":"page","link":"https:\/\/pinturaydecoracionhhp.com\/en\/","title":{"rendered":"Home"},"content":{"rendered":"<div data-elementor-type=\"wp-page\" data-elementor-id=\"2\" class=\"elementor elementor-2\" data-elementor-post-type=\"page\">\n\t\t\t\t<div class=\"elementor-element elementor-element-a4dd0d0 e-flex e-con-boxed elementor-invisible e-con e-parent\" data-id=\"a4dd0d0\" data-element_type=\"container\" data-e-type=\"container\" data-settings=\"{&quot;background_background&quot;:&quot;classic&quot;,&quot;animation&quot;:&quot;fadeIn&quot;}\">\n\t\t\t\t\t<div class=\"e-con-inner\">\n\t\t<div class=\"elementor-element elementor-element-7346e36 e-con-full e-flex e-con e-child\" data-id=\"7346e36\" data-element_type=\"container\" data-e-type=\"container\" data-settings=\"{&quot;animation&quot;:&quot;none&quot;}\">\n\t\t<div class=\"elementor-element elementor-element-491e024 e-con-full e-flex e-con e-child\" data-id=\"491e024\" data-element_type=\"container\" data-e-type=\"container\">\n\t\t\t\t<div class=\"elementor-element elementor-element-cbc083e elementor-invisible elementor-widget elementor-widget-heading\" data-id=\"cbc083e\" data-element_type=\"widget\" data-e-type=\"widget\" data-settings=\"{&quot;_animation&quot;:&quot;fadeInDown&quot;}\" data-widget_type=\"heading.default\">\n\t\t\t\t<div class=\"elementor-widget-container\">\n\t\t\t\t\t<h1 class=\"elementor-heading-title elementor-size-default\">Renew your home with <br> Hazael Hern\u00e1ndez P\u00e9rez <\/h1>\t\t\t\t<\/div>\n\t\t\t\t<\/div>\n\t\t\t\t<div class=\"elementor-element elementor-element-8ea8a4d elementor-invisible elementor-widget elementor-widget-heading\" data-id=\"8ea8a4d\" data-element_type=\"widget\" data-e-type=\"widget\" data-settings=\"{&quot;_animation&quot;:&quot;fadeInDown&quot;}\" data-widget_type=\"heading.default\">\n\t\t\t\t<div class=\"elementor-widget-container\">\n\t\t\t\t\t<h1 class=\"elementor-heading-title elementor-size-default\">Perfect finishes, personalized attention.<\/h1>\t\t\t\t<\/div>\n\t\t\t\t<\/div>\n\t\t\t\t<div class=\"elementor-element elementor-element-c266243 elementor-align-center elementor-tablet-align-center elementor-mobile-align-center elementor-widget__width-initial elementor-invisible elementor-widget elementor-widget-button\" data-id=\"c266243\" data-element_type=\"widget\" data-e-type=\"widget\" data-settings=\"{&quot;_animation&quot;:&quot;fadeInUp&quot;}\" data-widget_type=\"button.default\">\n\t\t\t\t<div class=\"elementor-widget-container\">\n\t\t\t\t\t\t\t\t\t<div class=\"elementor-button-wrapper\">\n\t\t\t\t\t<a class=\"elementor-button elementor-button-link elementor-size-sm\" href=\"tel:%20687%20999%20653\">\n\t\t\t\t\t\t<span class=\"elementor-button-content-wrapper\">\n\t\t\t\t\t\t\t\t\t<span class=\"elementor-button-text\">Call us<\/span>\n\t\t\t\t\t<\/span>\n\t\t\t\t\t<\/a>\n\t\t\t\t<\/div>\n\t\t\t\t\t\t\t\t<\/div>\n\t\t\t\t<\/div>\n\t\t\t\t<\/div>\n\t\t\t\t<\/div>\n\t\t\t\t\t<\/div>\n\t\t\t\t<\/div>\n\t\t<div class=\"elementor-element elementor-element-cbbbd57 e-con-full e-flex e-con e-child\" data-id=\"cbbbd57\" data-element_type=\"container\" data-e-type=\"container\">\n\t\t\t\t<div class=\"elementor-element elementor-element-a08a58f elementor-widget-divider--view-line elementor-widget elementor-widget-divider\" data-id=\"a08a58f\" data-element_type=\"widget\" data-e-type=\"widget\" data-widget_type=\"divider.default\">\n\t\t\t\t<div class=\"elementor-widget-container\">\n\t\t\t\t\t\t\t<div class=\"elementor-divider\">\n\t\t\t<span class=\"elementor-divider-separator\">\n\t\t\t\t\t\t<\/span>\n\t\t<\/div>\n\t\t\t\t\t\t<\/div>\n\t\t\t\t<\/div>\n\t\t\t\t<\/div>\n\t\t<div class=\"elementor-element elementor-element-8b33431 e-flex e-con-boxed e-con e-parent\" data-id=\"8b33431\" data-element_type=\"container\" data-e-type=\"container\">\n\t\t\t\t\t<div class=\"e-con-inner\">\n\t\t<div class=\"elementor-element elementor-element-0db610f e-con-full e-flex e-con e-child\" data-id=\"0db610f\" data-element_type=\"container\" data-e-type=\"container\">\n\t\t<div class=\"elementor-element elementor-element-bcff5a7 e-con-full e-flex elementor-invisible e-con e-child\" data-id=\"bcff5a7\" data-element_type=\"container\" data-e-type=\"container\" data-settings=\"{&quot;background_background&quot;:&quot;classic&quot;,&quot;animation&quot;:&quot;fadeInRight&quot;}\">\n\t\t\t\t<div class=\"elementor-element elementor-element-4fdb55f elementor-widget elementor-widget-heading\" data-id=\"4fdb55f\" data-element_type=\"widget\" data-e-type=\"widget\" data-settings=\"{&quot;_animation&quot;:&quot;none&quot;}\" data-widget_type=\"heading.default\">\n\t\t\t\t<div class=\"elementor-widget-container\">\n\t\t\t\t\t<h2 class=\"elementor-heading-title elementor-size-default\">About me<\/h2>\t\t\t\t<\/div>\n\t\t\t\t<\/div>\n\t\t\t\t<div class=\"elementor-element elementor-element-3caf939 elementor-widget-divider--view-line elementor-widget elementor-widget-divider\" data-id=\"3caf939\" data-element_type=\"widget\" data-e-type=\"widget\" data-widget_type=\"divider.default\">\n\t\t\t\t<div class=\"elementor-widget-container\">\n\t\t\t\t\t\t\t<div class=\"elementor-divider\">\n\t\t\t<span class=\"elementor-divider-separator\">\n\t\t\t\t\t\t<\/span>\n\t\t<\/div>\n\t\t\t\t\t\t<\/div>\n\t\t\t\t<\/div>\n\t\t\t\t<div class=\"elementor-element elementor-element-7bd3da1 elementor-widget-mobile__width-initial elementor-widget elementor-widget-text-editor\" data-id=\"7bd3da1\" data-element_type=\"widget\" data-e-type=\"widget\" data-widget_type=\"text-editor.default\">\n\t\t\t\t<div class=\"elementor-widget-container\">\n\t\t\t\t\t\t\t\t\t<p class=\"\" data-start=\"134\" data-end=\"502\">Pintura y Decoraci\u00f3n Hazael H.P. isn't just the name of my company; it's a reflection of my daily work, my commitment, and the experience I've built over the years as a freelancer. I'm dedicated to transforming spaces in Tenerife: from high-rise facades to industrial floors, entire homes, and terraces in need of waterproofing.<\/p><p class=\"\" data-start=\"504\" data-end=\"824\">I work from La Perdoma, in La Orotava, and I approach each project with precision and dedication. I adapt to the needs of each client, each surface, each space. Whether it's renewing the color of a house, protecting a roof, or bringing a wall to life, the most important thing for me is that the result speaks for itself.<\/p><p class=\"\" data-start=\"826\" data-end=\"1208\">My passion is painting, yes, but also attention to detail, doing my job with dedication, and leaving every corner better than I found it. I also offer comprehensive home repair services: renovations and renovations, floor painting, plumbing and electrical installations, finishing, decoration, and woodworking. A little bit of everything so you don't have to worry about a thing.<\/p>\t\t\t\t\t\t\t\t<\/div>\n\t\t\t\t<\/div>\n\t\t\t\t<\/div>\n\t\t<div class=\"elementor-element elementor-element-dd1a815 e-con-full e-flex elementor-invisible e-con e-child\" data-id=\"dd1a815\" data-element_type=\"container\" data-e-type=\"container\" data-settings=\"{&quot;background_background&quot;:&quot;classic&quot;,&quot;animation&quot;:&quot;fadeInLeft&quot;}\">\n\t\t\t\t<div class=\"elementor-element elementor-element-8221e0a elementor-widget elementor-widget-image\" data-id=\"8221e0a\" data-element_type=\"widget\" data-e-type=\"widget\" data-widget_type=\"image.default\">\n\t\t\t\t<div class=\"elementor-widget-container\">\n\t\t\t\t\t\t\t\t\t\t\t\t\t\t\t<img fetchpriority=\"high\" decoding=\"async\" width=\"860\" height=\"1080\" src=\"https:\/\/pinturaydecoracionhhp.com\/wp-content\/uploads\/2025\/05\/pinturasydecoracionhazael-9-e1746606651995.png\" class=\"attachment-full size-full wp-image-162\" alt=\"\" srcset=\"https:\/\/pinturaydecoracionhhp.com\/wp-content\/uploads\/2025\/05\/pinturasydecoracionhazael-9-e1746606651995.png 860w, https:\/\/pinturaydecoracionhhp.com\/wp-content\/uploads\/2025\/05\/pinturasydecoracionhazael-9-e1746606651995-239x300.png 239w, https:\/\/pinturaydecoracionhhp.com\/wp-content\/uploads\/2025\/05\/pinturasydecoracionhazael-9-e1746606651995-815x1024.png 815w, https:\/\/pinturaydecoracionhhp.com\/wp-content\/uploads\/2025\/05\/pinturasydecoracionhazael-9-e1746606651995-768x964.png 768w, https:\/\/pinturaydecoracionhhp.com\/wp-content\/uploads\/2025\/05\/pinturasydecoracionhazael-9-e1746606651995-10x12.png 10w\" sizes=\"(max-width: 860px) 100vw, 860px\" \/>\t\t\t\t\t\t\t\t\t\t\t\t\t\t\t<\/div>\n\t\t\t\t<\/div>\n\t\t\t\t<\/div>\n\t\t\t\t<\/div>\n\t\t\t\t\t<\/div>\n\t\t\t\t<\/div>\n\t\t<div class=\"elementor-element elementor-element-f309d32 e-con-full e-flex e-con e-child\" data-id=\"f309d32\" data-element_type=\"container\" data-e-type=\"container\">\n\t\t\t\t<div class=\"elementor-element elementor-element-1c9d3c5 elementor-widget-divider--view-line elementor-widget elementor-widget-divider\" data-id=\"1c9d3c5\" data-element_type=\"widget\" data-e-type=\"widget\" data-widget_type=\"divider.default\">\n\t\t\t\t<div class=\"elementor-widget-container\">\n\t\t\t\t\t\t\t<div class=\"elementor-divider\">\n\t\t\t<span class=\"elementor-divider-separator\">\n\t\t\t\t\t\t<\/span>\n\t\t<\/div>\n\t\t\t\t\t\t<\/div>\n\t\t\t\t<\/div>\n\t\t\t\t<\/div>\n\t\t<div class=\"elementor-element elementor-element-31768d3 e-flex e-con-boxed e-con e-parent\" data-id=\"31768d3\" data-element_type=\"container\" data-e-type=\"container\" data-settings=\"{&quot;background_background&quot;:&quot;classic&quot;}\">\n\t\t\t\t\t<div class=\"e-con-inner\">\n\t\t<div class=\"elementor-element elementor-element-624bb5c e-con-full e-flex e-con e-child\" data-id=\"624bb5c\" data-element_type=\"container\" data-e-type=\"container\">\n\t\t<div class=\"elementor-element elementor-element-6d68de8 e-con-full animated-slow e-flex e-con e-child\" data-id=\"6d68de8\" data-element_type=\"container\" data-e-type=\"container\" data-settings=\"{&quot;animation&quot;:&quot;none&quot;}\">\n\t\t\t\t<div class=\"elementor-element elementor-element-628faed elementor-invisible elementor-widget elementor-widget-heading\" data-id=\"628faed\" data-element_type=\"widget\" data-e-type=\"widget\" data-settings=\"{&quot;_animation&quot;:&quot;fadeInDown&quot;}\" data-widget_type=\"heading.default\">\n\t\t\t\t<div class=\"elementor-widget-container\">\n\t\t\t\t\t<h2 class=\"elementor-heading-title elementor-size-default\">Check out the services I offer and how I can help you.<\/h2>\t\t\t\t<\/div>\n\t\t\t\t<\/div>\n\t\t\t\t<\/div>\n\t\t<div class=\"elementor-element elementor-element-e5ca47d e-con-full e-flex e-con e-child\" data-id=\"e5ca47d\" data-element_type=\"container\" data-e-type=\"container\" data-settings=\"{&quot;background_background&quot;:&quot;classic&quot;,&quot;animation&quot;:&quot;none&quot;}\">\n\t\t\t\t<div class=\"elementor-element elementor-element-1f36753 elementor-align-center elementor-tablet-align-center elementor-mobile-align-center elementor-widget__width-initial elementor-invisible elementor-widget elementor-widget-button\" data-id=\"1f36753\" data-element_type=\"widget\" data-e-type=\"widget\" data-settings=\"{&quot;_animation&quot;:&quot;fadeInUp&quot;}\" data-widget_type=\"button.default\">\n\t\t\t\t<div class=\"elementor-widget-container\">\n\t\t\t\t\t\t\t\t\t<div class=\"elementor-button-wrapper\">\n\t\t\t\t\t<a class=\"elementor-button elementor-button-link elementor-size-sm\" href=\"https:\/\/pinturaydecoracionhhp.com\/en\/servicios\/\">\n\t\t\t\t\t\t<span class=\"elementor-button-content-wrapper\">\n\t\t\t\t\t\t\t\t\t<span class=\"elementor-button-text\">View Services<\/span>\n\t\t\t\t\t<\/span>\n\t\t\t\t\t<\/a>\n\t\t\t\t<\/div>\n\t\t\t\t\t\t\t\t<\/div>\n\t\t\t\t<\/div>\n\t\t\t\t<\/div>\n\t\t\t\t<\/div>\n\t\t\t\t\t<\/div>\n\t\t\t\t<\/div>\n\t\t\t\t<\/div>","protected":false},"excerpt":{"rendered":"<p>Renueva tu hogar con Hazael Hern\u00e1ndez P\u00e9rez Acabados perfectos, atenci\u00f3n personalizada. Ll\u00e1manos Sobre m\u00ed Pintura y Decoraci\u00f3n Hazael H.P. no es solo el nombre de mi empresa, es el reflejo de mi trabajo diario, de mi compromiso y de la experiencia que he ido construyendo con los a\u00f1os como aut\u00f3nomo. Me dedico a transformar espacios [&hellip;]<\/p>\n","protected":false},"author":1,"featured_media":0,"parent":0,"menu_order":0,"comment_status":"closed","ping_status":"closed","template":"elementor_canvas","meta":{"footnotes":""},"class_list":["post-2","page","type-page","status-publish","hentry"],"yoast_head":"<!-- This site is optimized with the Yoast SEO plugin v27.3 - https:\/\/yoast.com\/product\/yoast-seo-wordpress\/ -->\n<title>Inicio - Pintura Y Decoraci\u00f3n Hazael Hern\u00e1ndez P\u00e9rez<\/title>\n<meta name=\"robots\" content=\"index, follow, max-snippet:-1, max-image-preview:large, max-video-preview:-1\" \/>\n<link rel=\"canonical\" href=\"https:\/\/pinturaydecoracionhhp.com\/en\/\" \/>\n<meta property=\"og:locale\" content=\"en_US\" \/>\n<meta property=\"og:type\" content=\"article\" \/>\n<meta property=\"og:title\" content=\"Inicio - Pintura Y Decoraci\u00f3n Hazael Hern\u00e1ndez P\u00e9rez\" \/>\n<meta property=\"og:description\" content=\"Renueva tu hogar con Hazael Hern\u00e1ndez P\u00e9rez Acabados perfectos, atenci\u00f3n personalizada. Ll\u00e1manos Sobre m\u00ed Pintura y Decoraci\u00f3n Hazael H.P. no es solo el nombre de mi empresa, es el reflejo de mi trabajo diario, de mi compromiso y de la experiencia que he ido construyendo con los a\u00f1os como aut\u00f3nomo. Me dedico a transformar espacios [&hellip;]\" \/>\n<meta property=\"og:url\" content=\"https:\/\/pinturaydecoracionhhp.com\/en\/\" \/>\n<meta property=\"og:site_name\" content=\"Pintura Y Decoraci\u00f3n Hazael Hern\u00e1ndez P\u00e9rez\" \/>\n<meta property=\"article:modified_time\" content=\"2025-05-09T08:19:42+00:00\" \/>\n<meta property=\"og:image\" content=\"https:\/\/pinturaydecoracionhhp.com\/wp-content\/uploads\/2025\/05\/pinturasydecoracionhazael-9-e1746606651995.png\" \/>\n<meta name=\"twitter:card\" content=\"summary_large_image\" \/>\n<meta name=\"twitter:label1\" content=\"Est. reading time\" \/>\n\t<meta name=\"twitter:data1\" content=\"2 minutes\" \/>\n<script type=\"application\/ld+json\" class=\"yoast-schema-graph\">{\"@context\":\"https:\\\/\\\/schema.org\",\"@graph\":[{\"@type\":\"WebPage\",\"@id\":\"https:\\\/\\\/pinturaydecoracionhhp.com\\\/\",\"url\":\"https:\\\/\\\/pinturaydecoracionhhp.com\\\/\",\"name\":\"Inicio - Pintura Y Decoraci\u00f3n Hazael Hern\u00e1ndez P\u00e9rez\",\"isPartOf\":{\"@id\":\"https:\\\/\\\/pinturaydecoracionhhp.com\\\/#website\"},\"primaryImageOfPage\":{\"@id\":\"https:\\\/\\\/pinturaydecoracionhhp.com\\\/#primaryimage\"},\"image\":{\"@id\":\"https:\\\/\\\/pinturaydecoracionhhp.com\\\/#primaryimage\"},\"thumbnailUrl\":\"https:\\\/\\\/pinturaydecoracionhhp.com\\\/wp-content\\\/uploads\\\/2025\\\/05\\\/pinturasydecoracionhazael-9-e1746606651995.png\",\"datePublished\":\"2025-05-06T13:42:48+00:00\",\"dateModified\":\"2025-05-09T08:19:42+00:00\",\"breadcrumb\":{\"@id\":\"https:\\\/\\\/pinturaydecoracionhhp.com\\\/#breadcrumb\"},\"inLanguage\":\"en-US\",\"potentialAction\":[{\"@type\":\"ReadAction\",\"target\":[\"https:\\\/\\\/pinturaydecoracionhhp.com\\\/\"]}]},{\"@type\":\"ImageObject\",\"inLanguage\":\"en-US\",\"@id\":\"https:\\\/\\\/pinturaydecoracionhhp.com\\\/#primaryimage\",\"url\":\"https:\\\/\\\/pinturaydecoracionhhp.com\\\/wp-content\\\/uploads\\\/2025\\\/05\\\/pinturasydecoracionhazael-9-e1746606651995.png\",\"contentUrl\":\"https:\\\/\\\/pinturaydecoracionhhp.com\\\/wp-content\\\/uploads\\\/2025\\\/05\\\/pinturasydecoracionhazael-9-e1746606651995.png\"},{\"@type\":\"BreadcrumbList\",\"@id\":\"https:\\\/\\\/pinturaydecoracionhhp.com\\\/#breadcrumb\",\"itemListElement\":[{\"@type\":\"ListItem\",\"position\":1,\"name\":\"Portada\",\"item\":\"https:\\\/\\\/pinturaydecoracionhhp.com\\\/\"},{\"@type\":\"ListItem\",\"position\":2,\"name\":\"Inicio\"}]},{\"@type\":\"WebSite\",\"@id\":\"https:\\\/\\\/pinturaydecoracionhhp.com\\\/#website\",\"url\":\"https:\\\/\\\/pinturaydecoracionhhp.com\\\/\",\"name\":\"Pintura Y Decoraci\u00f3n Hazael Hern\u00e1ndez P\u00e9rez\",\"description\":\"Me dedico a pintura y decoraci\u00f3n en general de todo.\",\"publisher\":{\"@id\":\"https:\\\/\\\/pinturaydecoracionhhp.com\\\/#organization\"},\"potentialAction\":[{\"@type\":\"SearchAction\",\"target\":{\"@type\":\"EntryPoint\",\"urlTemplate\":\"https:\\\/\\\/pinturaydecoracionhhp.com\\\/?s={search_term_string}\"},\"query-input\":{\"@type\":\"PropertyValueSpecification\",\"valueRequired\":true,\"valueName\":\"search_term_string\"}}],\"inLanguage\":\"en-US\"},{\"@type\":\"Organization\",\"@id\":\"https:\\\/\\\/pinturaydecoracionhhp.com\\\/#organization\",\"name\":\"Pintura Y Decoraci\u00f3n Hazael Hern\u00e1ndez P\u00e9rez\",\"url\":\"https:\\\/\\\/pinturaydecoracionhhp.com\\\/\",\"logo\":{\"@type\":\"ImageObject\",\"inLanguage\":\"en-US\",\"@id\":\"https:\\\/\\\/pinturaydecoracionhhp.com\\\/#\\\/schema\\\/logo\\\/image\\\/\",\"url\":\"https:\\\/\\\/pinturaydecoracionhhp.com\\\/wp-content\\\/uploads\\\/2025\\\/05\\\/cropped-pinturasydecoracionhazael-e1746544497476.png\",\"contentUrl\":\"https:\\\/\\\/pinturaydecoracionhhp.com\\\/wp-content\\\/uploads\\\/2025\\\/05\\\/cropped-pinturasydecoracionhazael-e1746544497476.png\",\"width\":1919,\"height\":688,\"caption\":\"Pintura Y Decoraci\u00f3n Hazael Hern\u00e1ndez P\u00e9rez\"},\"image\":{\"@id\":\"https:\\\/\\\/pinturaydecoracionhhp.com\\\/#\\\/schema\\\/logo\\\/image\\\/\"}}]}<\/script>\n<!-- \/ Yoast SEO plugin. -->","yoast_head_json":{"title":"Inicio - Pintura Y Decoraci\u00f3n Hazael Hern\u00e1ndez P\u00e9rez","robots":{"index":"index","follow":"follow","max-snippet":"max-snippet:-1","max-image-preview":"max-image-preview:large","max-video-preview":"max-video-preview:-1"},"canonical":"https:\/\/pinturaydecoracionhhp.com\/en\/","og_locale":"en_US","og_type":"article","og_title":"Inicio - Pintura Y Decoraci\u00f3n Hazael Hern\u00e1ndez P\u00e9rez","og_description":"Renueva tu hogar con Hazael Hern\u00e1ndez P\u00e9rez Acabados perfectos, atenci\u00f3n personalizada. Ll\u00e1manos Sobre m\u00ed Pintura y Decoraci\u00f3n Hazael H.P. no es solo el nombre de mi empresa, es el reflejo de mi trabajo diario, de mi compromiso y de la experiencia que he ido construyendo con los a\u00f1os como aut\u00f3nomo. Me dedico a transformar espacios [&hellip;]","og_url":"https:\/\/pinturaydecoracionhhp.com\/en\/","og_site_name":"Pintura Y Decoraci\u00f3n Hazael Hern\u00e1ndez P\u00e9rez","article_modified_time":"2025-05-09T08:19:42+00:00","og_image":[{"url":"https:\/\/pinturaydecoracionhhp.com\/wp-content\/uploads\/2025\/05\/pinturasydecoracionhazael-9-e1746606651995.png","type":"","width":"","height":""}],"twitter_card":"summary_large_image","twitter_misc":{"Est. reading time":"2 minutes"},"schema":{"@context":"https:\/\/schema.org","@graph":[{"@type":"WebPage","@id":"https:\/\/pinturaydecoracionhhp.com\/","url":"https:\/\/pinturaydecoracionhhp.com\/","name":"Inicio - Pintura Y Decoraci\u00f3n Hazael Hern\u00e1ndez P\u00e9rez","isPartOf":{"@id":"https:\/\/pinturaydecoracionhhp.com\/#website"},"primaryImageOfPage":{"@id":"https:\/\/pinturaydecoracionhhp.com\/#primaryimage"},"image":{"@id":"https:\/\/pinturaydecoracionhhp.com\/#primaryimage"},"thumbnailUrl":"https:\/\/pinturaydecoracionhhp.com\/wp-content\/uploads\/2025\/05\/pinturasydecoracionhazael-9-e1746606651995.png","datePublished":"2025-05-06T13:42:48+00:00","dateModified":"2025-05-09T08:19:42+00:00","breadcrumb":{"@id":"https:\/\/pinturaydecoracionhhp.com\/#breadcrumb"},"inLanguage":"en-US","potentialAction":[{"@type":"ReadAction","target":["https:\/\/pinturaydecoracionhhp.com\/"]}]},{"@type":"ImageObject","inLanguage":"en-US","@id":"https:\/\/pinturaydecoracionhhp.com\/#primaryimage","url":"https:\/\/pinturaydecoracionhhp.com\/wp-content\/uploads\/2025\/05\/pinturasydecoracionhazael-9-e1746606651995.png","contentUrl":"https:\/\/pinturaydecoracionhhp.com\/wp-content\/uploads\/2025\/05\/pinturasydecoracionhazael-9-e1746606651995.png"},{"@type":"BreadcrumbList","@id":"https:\/\/pinturaydecoracionhhp.com\/#breadcrumb","itemListElement":[{"@type":"ListItem","position":1,"name":"Portada","item":"https:\/\/pinturaydecoracionhhp.com\/"},{"@type":"ListItem","position":2,"name":"Inicio"}]},{"@type":"WebSite","@id":"https:\/\/pinturaydecoracionhhp.com\/#website","url":"https:\/\/pinturaydecoracionhhp.com\/","name":"Pintura Y Decoraci\u00f3n Hazael Hern\u00e1ndez P\u00e9rez","description":"Me dedico a pintura y decoraci\u00f3n en general de todo.","publisher":{"@id":"https:\/\/pinturaydecoracionhhp.com\/#organization"},"potentialAction":[{"@type":"SearchAction","target":{"@type":"EntryPoint","urlTemplate":"https:\/\/pinturaydecoracionhhp.com\/?s={search_term_string}"},"query-input":{"@type":"PropertyValueSpecification","valueRequired":true,"valueName":"search_term_string"}}],"inLanguage":"en-US"},{"@type":"Organization","@id":"https:\/\/pinturaydecoracionhhp.com\/#organization","name":"Pintura Y Decoraci\u00f3n Hazael Hern\u00e1ndez P\u00e9rez","url":"https:\/\/pinturaydecoracionhhp.com\/","logo":{"@type":"ImageObject","inLanguage":"en-US","@id":"https:\/\/pinturaydecoracionhhp.com\/#\/schema\/logo\/image\/","url":"https:\/\/pinturaydecoracionhhp.com\/wp-content\/uploads\/2025\/05\/cropped-pinturasydecoracionhazael-e1746544497476.png","contentUrl":"https:\/\/pinturaydecoracionhhp.com\/wp-content\/uploads\/2025\/05\/cropped-pinturasydecoracionhazael-e1746544497476.png","width":1919,"height":688,"caption":"Pintura Y Decoraci\u00f3n Hazael Hern\u00e1ndez P\u00e9rez"},"image":{"@id":"https:\/\/pinturaydecoracionhhp.com\/#\/schema\/logo\/image\/"}}]}},"_links":{"self":[{"href":"https:\/\/pinturaydecoracionhhp.com\/en\/wp-json\/wp\/v2\/pages\/2","targetHints":{"allow":["GET"]}}],"collection":[{"href":"https:\/\/pinturaydecoracionhhp.com\/en\/wp-json\/wp\/v2\/pages"}],"about":[{"href":"https:\/\/pinturaydecoracionhhp.com\/en\/wp-json\/wp\/v2\/types\/page"}],"author":[{"embeddable":true,"href":"https:\/\/pinturaydecoracionhhp.com\/en\/wp-json\/wp\/v2\/users\/1"}],"replies":[{"embeddable":true,"href":"https:\/\/pinturaydecoracionhhp.com\/en\/wp-json\/wp\/v2\/comments?post=2"}],"version-history":[{"count":139,"href":"https:\/\/pinturaydecoracionhhp.com\/en\/wp-json\/wp\/v2\/pages\/2\/revisions"}],"predecessor-version":[{"id":698,"href":"https:\/\/pinturaydecoracionhhp.com\/en\/wp-json\/wp\/v2\/pages\/2\/revisions\/698"}],"wp:attachment":[{"href":"https:\/\/pinturaydecoracionhhp.com\/en\/wp-json\/wp\/v2\/media?parent=2"}],"curies":[{"name":"wp","href":"https:\/\/api.w.org\/{rel}","templated":true}]}}